{"id":17,"date":"2022-01-29T16:27:08","date_gmt":"2022-01-29T16:27:08","guid":{"rendered":"https:\/\/www.polvijarvenkoiranayttely.fi\/?page_id=17"},"modified":"2026-02-27T19:16:51","modified_gmt":"2026-02-27T17:16:51","slug":"tuomarit-la-25-4-2026","status":"publish","type":"page","link":"https:\/\/www.polvijarvenkoiranayttely.fi\/index.php\/tuomarit-la-25-4-2026\/","title":{"rendered":"Tuomarit &#8211; La 25.4."},"content":{"rendered":"\n<p>Lauantaina arvostellaan ryhm\u00e4t&nbsp;<strong>FCI 2 &amp; 3 &amp; 4 &amp; 5<\/strong><\/p>\n\n\n\n<p class=\"has-vivid-red-color has-text-color\" style=\"font-style:normal;font-weight:700\"><\/p>\n\n\n\n<p><strong>Ryhm\u00e4 2<br><\/strong>Varalla kaikille ryhm\u00e4 2 roduille <strong>Tuula Savolainen<\/strong><br>kaukasiankoira, pyreneittenkoira, pyreneittenmastiffi <strong>Maarit Hassinen<\/strong><br>aidi, alentejonkoira, appenzellinpaimenkoira, bernhardinkoirat, berninpaimenkoira, bordeauxindoggi, entlebuchinpaimenkoira, espanjanmastiffi, estrelanvuoristokoirat, hovawart, isosveitsinpaimenkoira, kanariandoggi, kangalinkoira, karstinpaimenkoira, keskiaasiankoira, landseer, leonberginkoira, mallorcandoggi, mastiffi, musta romanianvuoristokoira, napolinmastiffi, newfoundlandinkoira, rottweiler, sao miguelinfila, sarplaninac, snautserit, suursnautserit, tanskandoggit, tiibetinmastiffi, tornjak, tosa, transmontano mastiff, uruguayncimarron <strong>Marjo J\u00e4rvent\u00f6l\u00e4<\/strong><br>apinapinseri, bokseri, broholminkoira, bukovinankoira, bullmastiffi, cane corso, castro laboreironkoira, continental bulldog, dobermanni, dogo argentino, englanninbulldoggi, fila brasileiro, hollanninrottakoira, it\u00e4vallanpinseri, k\u00e4\u00e4pi\u00f6pinseri, k\u00e4\u00e4pi\u00f6snautserit, pinseri, shar pei, tanskalais-ruotsalainen pihakoira, ven\u00e4j\u00e4nmustaterrieri <strong>Tuula Savolainen<\/strong><\/p>\n\n\n\n<p><strong>Ryhm\u00e4 3<br><\/strong>Varalla kaikille ryhm\u00e4 3 roduille <strong>Perttu St\u00e5hlberg<\/strong><br>amerikankarvatonterrieri, amerikank\u00e4\u00e4pi\u00f6kettuterrieri, amerikanrottaterrieri, andalusianrottakoira, australianterrieri, bedlingtoninterrieri, biewerterrieri, borderterrieri, brasilianterrieri, bullterrieri, cairnterrieri, dandiedinmontinterrieri, englannink\u00e4\u00e4pi\u00f6terrieri, glen of imaalinterrieri, irlanninterrieri, jackrussellinterrieri, japaninterrieri, karkeakarvainen kettuterrieri, k\u00e4\u00e4pi\u00f6bullterrieri, manchesterinterrieri, sealyhaminterrieri, sile\u00e4karvainen kettuterrieri, silkkiterrieri, skotlanninterrieri, staffordshirenbullterrieri, tenterfieldinterrieri, valencianrottaterrieri <strong>Kati Taipale<\/strong><br>airedalenterrieri, amerikanstaffordshirenterrieri, ceskyterrieri, kerrynterrieri, lakelandinterrieri, norfolkinterrieri, norwichinterrieri, parsonrussellinterrieri, saksanmets\u00e4stysterrieri, skyenterrieri, walesinterrieri, valkoinen l\u00e4nsiyl\u00e4maanterrieri, vehn\u00e4terrieri, yorkshirenterrieri <strong>Perttu St\u00e5hlberg<\/strong><\/p>\n\n\n\n<p><strong>Ryhm\u00e4 4<br><\/strong>Varalla kaikille ryhm\u00e4 4 roduille <strong>Tuula Savolainen<\/strong><br>kaikki rodut <strong>Tiina Eskelinen<\/strong><\/p>\n\n\n\n<p><strong>Ryhm\u00e4 5<\/strong><br>Varalla kaikille ryhm\u00e4 5 roduille <strong>Perttu St\u00e5hlberg<\/strong><br>american eskimo dog, h\u00e4lleforsinkoira, it\u00e4siperianlaika, jakutianlaika, j\u00e4mtlanninpystykorva, kanadaneskimokoira, karjalankarhukoira, musta norjanhirvikoira, suomenpystykorva, valkoinen ruotsinhirvikoira, ven\u00e4l\u00e4is-eurooppalainen laika <strong>Maarit Hassinen<\/strong><br>alaskanmalamuutti, harmaa norjanhirvikoira, lapinporokoira, l\u00e4nsisiperianlaika, pohjanpystykorva, ruotsinlapinkoira, suomenlapinkoira <strong>Markku Kipin\u00e4<\/strong><br>akita, amerikanakita, basenji, buhund, chow chow, etnankoira, faaraokoira, hokkaidonkoira, japaninpystykorva, kaanaankoira, kainkoira, kishunkoira, meksikonkarvatonkoirat, musta tanskanpystykorva, perunkarvatonkoirat, grosspitzit, keeshond, mittelspitzit, pomeranian, shikokunkoira, siperianhusky <strong>Perttu St\u00e5hlberg<\/strong><br>kanarianpodenco, samojedinkoira <strong>Tiina Eskelinen<\/strong><br>eurasier, gr\u00f6nlanninkoira, ibizanpodencot, islanninlammaskoira, kintamani-balinkoira, koreanjindonkoira, lunnikoira, l\u00e4nsig\u00f6\u00f6tanmaanpystykorva, portugalinpodengot, kleinspitzit, shiba, taiwaninkoira, tanskanpystykorva, thai ridgeback, thaimaanpystykorva, volpino italiano <strong>Tuula Savolainen<\/strong><\/p>\n\n\n\n<h2 class=\"wp-block-heading\" id=\"ryhmakilpailut\">Ryhm\u00e4kilpailut<\/h2>\n\n\n\n<p><strong>Lauantai<\/strong><br><\/p>\n\n\n\n<p>FCI 2 <strong>Marjo J\u00e4rvent\u00f6l\u00e4<\/strong><br>FCI 3 <strong>Kati Taipale<\/strong><br>FCI 4 <strong>Tiina Eskelinen<\/strong><br>FCI 5 <strong>Tuula Savolainen<\/strong><br>Paras veteraani <strong>Markku Kipin\u00e4<\/strong><br>Paras kasvattajaryhm\u00e4 <strong>Maarit Hassinen<\/strong><br>Best in Show <strong>Perttu St\u00e5hlberg<\/strong><\/p>\n","protected":false},"excerpt":{"rendered":"<p>Lauantaina arvostellaan ryhm\u00e4t&nbsp;FCI 2 &amp; 3 &amp; 4 &amp; 5 Ryhm\u00e4 2Varalla kaikille ryhm\u00e4 2 roduille Tuula Savolainenkaukasiankoira, pyreneittenkoira, pyreneittenmastiffi Maarit Hassinenaidi, alentejonkoira, appenzellinpaimenkoira, bernhardinkoirat, berninpaimenkoira, bordeauxindoggi, entlebuchinpaimenkoira, espanjanmastiffi, estrelanvuoristokoirat, hovawart, isosveitsinpaimenkoira, kanariandoggi, kangalinkoira, karstinpaimenkoira, keskiaasiankoira, landseer, leonberginkoira, mallorcandoggi, mastiffi, musta romanianvuoristokoira, napolinmastiffi, newfoundlandinkoira, rottweiler, sao miguelinfila, sarplaninac, snautserit, suursnautserit, tanskandoggit, tiibetinmastiffi, tornjak, tosa, transmontano&#8230;<\/p>\n","protected":false},"author":1,"featured_media":0,"parent":0,"menu_order":0,"comment_status":"closed","ping_status":"closed","template":"","meta":{"footnotes":""},"class_list":["post-17","page","type-page","status-publish","hentry"],"jetpack_sharing_enabled":true,"_links":{"self":[{"href":"https:\/\/www.polvijarvenkoiranayttely.fi\/index.php\/wp-json\/wp\/v2\/pages\/17","targetHints":{"allow":["GET"]}}],"collection":[{"href":"https:\/\/www.polvijarvenkoiranayttely.fi\/index.php\/wp-json\/wp\/v2\/pages"}],"about":[{"href":"https:\/\/www.polvijarvenkoiranayttely.fi\/index.php\/wp-json\/wp\/v2\/types\/page"}],"author":[{"embeddable":true,"href":"https:\/\/www.polvijarvenkoiranayttely.fi\/index.php\/wp-json\/wp\/v2\/users\/1"}],"replies":[{"embeddable":true,"href":"https:\/\/www.polvijarvenkoiranayttely.fi\/index.php\/wp-json\/wp\/v2\/comments?post=17"}],"version-history":[{"count":14,"href":"https:\/\/www.polvijarvenkoiranayttely.fi\/index.php\/wp-json\/wp\/v2\/pages\/17\/revisions"}],"predecessor-version":[{"id":189,"href":"https:\/\/www.polvijarvenkoiranayttely.fi\/index.php\/wp-json\/wp\/v2\/pages\/17\/revisions\/189"}],"wp:attachment":[{"href":"https:\/\/www.polvijarvenkoiranayttely.fi\/index.php\/wp-json\/wp\/v2\/media?parent=17"}],"curies":[{"name":"wp","href":"https:\/\/api.w.org\/{rel}","templated":true}]}}