{"id":20,"date":"2022-01-29T16:45:04","date_gmt":"2022-01-29T16:45:04","guid":{"rendered":"https:\/\/www.polvijarvenkoiranayttely.fi\/?page_id=20"},"modified":"2026-01-12T18:39:47","modified_gmt":"2026-01-12T18:39:47","slug":"tuomarit-su-26-4-2026","status":"publish","type":"page","link":"https:\/\/www.polvijarvenkoiranayttely.fi\/index.php\/tuomarit-su-26-4-2026\/","title":{"rendered":"Tuomarit &#8211; Su 26.4."},"content":{"rendered":"\n<p><strong>Sunnuntaina arvostellaan ryhm\u00e4t&nbsp;FCI 1 &amp; 6 &amp; 8 &amp; 9<\/strong><\/p>\n\n\n\n<p class=\"has-vivid-red-color has-text-color\"><\/p>\n\n\n\n<p><strong>Ryhm\u00e4 1<br><\/strong>Varalla kaikille ryhm\u00e4 1 roduille <strong>Markku Kipin\u00e4<\/strong><br>ardennienkarjakoira, australian t\u00f6p\u00f6h\u00e4nt\u00e4inen karjakoira, australiankelpie, australianpaimenkoira, bergamonpaimenkoira, bordercollie, ceskoslovensky vlciak, etel\u00e4ven\u00e4j\u00e4nkoira, hollanninpaimenkoirat, it\u00e4euroopanpaimenkoira, karpaattienkoira, katalonianpaimenkoira, komondor, kroatianpaimenkoira, kuvasz, lancashirenkarjakoira, lyhytkarvainen pyreneittenpaimenkoira, mallorcanpaimenkoira, maremmano-abruzzese, medimurjenkoira, mudi, owczarek podhalanski, partacollie, picardienpaimenkoira, pieniamerikanpaimenkoira, pitk\u00e4karvainen pyreneittenpaimenkoira, polski owczarek nizinny, pulit, pumi, romanianpaimenkoira, saarlooswolfhond, schapendoes, schipperke, serra de airesinpaimenkoira, slovakiancuvac, tsekinpaimenkoira, valkoinenpaimenkoira, vanhaenglanninlammaskoira, welsh corgit <strong>Kati Taipale<\/strong><br>pitk\u00e4karvainen collie, sile\u00e4karvainen collie <strong>Markku Kipin\u00e4<\/strong><br>australiankarjakoira, beaucenpaimenkoira \/ beauceron, belgianpaimenkoirat, bouvier, brienpaimenkoira \/ briardi, saksanpaimenkoirat <strong>Perttu St\u00e5hlberg<\/strong><br>shetlanninlammaskoira <strong>Tuula Savolainen<\/strong><\/p>\n\n\n\n<p><strong>Ryhm\u00e4 6<\/strong><br>Varalla kaikille ryhm\u00e4 6 roduille <strong>Tuula Savolainen<\/strong><br>basset hound, bretagnenbassetti, dalmatiankoira, grand basset griffon vend\u00e9en, petit basset griffon vend\u00e9en, rhodesiankoira <strong>Markku Kipin\u00e4<\/strong><br>muut <strong>Tiina Eskelinen<\/strong><\/p>\n\n\n\n<p><strong>Ryhm\u00e4 8<br><\/strong>Varalla kaikille ryhm\u00e4 8 roduille <strong>Tuula Savolainen<\/strong><br>clumberinspanieli, kultainennoutaja, labradorinnoutaja, sussexinspanieli, viiri\u00e4iskoira <strong>Marjo J\u00e4rvent\u00f6l\u00e4<br><\/strong>cockerspanieli <strong>Markku Kipin\u00e4<\/strong><br>amerikancockerspanieli, amerikanvesispanieli, barbet, espanjanvesikoira, fieldspanieli, friisinvesikoira, kiharakarvainen noutaja, kooikerhondje, lagotto romagnolo, novascotiannoutaja, portugalinvesikoira, puolanmets\u00e4stysspanieli, walesinspringerspanieli <strong>Perttu St\u00e5hlberg<\/strong><br>chesapeakelahdennoutaja, englanninspringerspanieli, irlanninvesispanieli, sile\u00e4karvainen noutaja, ven\u00e4j\u00e4nspanieli <strong>Tiina Eskelinen<\/strong><\/p>\n\n\n\n<p><strong>Ryhm\u00e4 9<\/strong><br>Varalla kaikille ryhm\u00e4 9 roduille <strong>Perttu St\u00e5hlberg<\/strong><br>bichon fris\u00e9, cavalier kingcharlesinspanieli, griffon belge, griffon bruxellois, havannankoira, japanese chin, kiinanpalatsikoira\/pekingeesi, kingcharlesinspanieli, lhasa apso, maltankoira, markiesje, petit brabancon, shih tzu, tiibetinspanieli, ven\u00e4j\u00e4ntoyt <strong>Maarit Hassinen<\/strong><br>chihuahuat, mopsi, villakoirat <strong>Markku Kipin\u00e4<\/strong><br>bolognese, bostoninterrieri, coton de tul\u00e9ar, kiinanharjakoira, kromfohrl\u00e4nder, l\u00f6wchen, papillon, phal\u00e8ne, prahanrottakoira, ranskanbulldoggi, tiibetinterrieri, ven\u00e4j\u00e4nbolonka <strong>Tuula Savolainen<\/strong><\/p>\n\n\n\n<p><\/p>\n\n\n\n<h2 class=\"wp-block-heading\" id=\"ryhmakilpailut\">Ryhm\u00e4kilpailut<\/h2>\n\n\n\n<p><strong>Sunnuntai<\/strong><br><\/p>\n\n\n\n<p>FCI 1 <strong>Kati Taipale<\/strong><br>FCI 6 <strong>Tiina Eskelinen<\/strong><br>FCI 8 <strong>Marjo J\u00e4rvent\u00f6l\u00e4<\/strong><br>FCI 9 <strong>Maarit Hassinen<\/strong><br>Paras veteraani <strong>Tuula Savolainen<\/strong><br>Paras kasvattajaryhm\u00e4 <strong>Perttu St\u00e5hlberg<\/strong><br>Best in Show <strong>Markku Kipin\u00e4<\/strong><\/p>\n","protected":false},"excerpt":{"rendered":"<p>Sunnuntaina arvostellaan ryhm\u00e4t&nbsp;FCI 1 &amp; 6 &amp; 8 &amp; 9 Ryhm\u00e4 1Varalla kaikille ryhm\u00e4 1 roduille Markku Kipin\u00e4ardennienkarjakoira, australian t\u00f6p\u00f6h\u00e4nt\u00e4inen karjakoira, australiankelpie, australianpaimenkoira, bergamonpaimenkoira, bordercollie, ceskoslovensky vlciak, etel\u00e4ven\u00e4j\u00e4nkoira, hollanninpaimenkoirat, it\u00e4euroopanpaimenkoira, karpaattienkoira, katalonianpaimenkoira, komondor, kroatianpaimenkoira, kuvasz, lancashirenkarjakoira, lyhytkarvainen pyreneittenpaimenkoira, mallorcanpaimenkoira, maremmano-abruzzese, medimurjenkoira, mudi, owczarek podhalanski, partacollie, picardienpaimenkoira, pieniamerikanpaimenkoira, pitk\u00e4karvainen pyreneittenpaimenkoira, polski owczarek nizinny, pulit, pumi, romanianpaimenkoira,&#8230;<\/p>\n","protected":false},"author":1,"featured_media":0,"parent":0,"menu_order":0,"comment_status":"closed","ping_status":"closed","template":"","meta":{"footnotes":""},"class_list":["post-20","page","type-page","status-publish","hentry"],"jetpack_sharing_enabled":true,"_links":{"self":[{"href":"https:\/\/www.polvijarvenkoiranayttely.fi\/index.php\/wp-json\/wp\/v2\/pages\/20","targetHints":{"allow":["GET"]}}],"collection":[{"href":"https:\/\/www.polvijarvenkoiranayttely.fi\/index.php\/wp-json\/wp\/v2\/pages"}],"about":[{"href":"https:\/\/www.polvijarvenkoiranayttely.fi\/index.php\/wp-json\/wp\/v2\/types\/page"}],"author":[{"embeddable":true,"href":"https:\/\/www.polvijarvenkoiranayttely.fi\/index.php\/wp-json\/wp\/v2\/users\/1"}],"replies":[{"embeddable":true,"href":"https:\/\/www.polvijarvenkoiranayttely.fi\/index.php\/wp-json\/wp\/v2\/comments?post=20"}],"version-history":[{"count":11,"href":"https:\/\/www.polvijarvenkoiranayttely.fi\/index.php\/wp-json\/wp\/v2\/pages\/20\/revisions"}],"predecessor-version":[{"id":169,"href":"https:\/\/www.polvijarvenkoiranayttely.fi\/index.php\/wp-json\/wp\/v2\/pages\/20\/revisions\/169"}],"wp:attachment":[{"href":"https:\/\/www.polvijarvenkoiranayttely.fi\/index.php\/wp-json\/wp\/v2\/media?parent=20"}],"curies":[{"name":"wp","href":"https:\/\/api.w.org\/{rel}","templated":true}]}}