{"id":39,"date":"2022-04-07T15:33:18","date_gmt":"2022-04-07T15:33:18","guid":{"rendered":"http:\/\/www.polvijarvenkoiranayttely.fi\/?page_id=39"},"modified":"2026-04-25T16:10:06","modified_gmt":"2026-04-25T14:10:06","slug":"aikataulut","status":"publish","type":"page","link":"https:\/\/www.polvijarvenkoiranayttely.fi\/index.php\/aikataulut\/","title":{"rendered":"Aikataulut"},"content":{"rendered":"\n<p>Sunnuntai keh\u00e4 7 sis\u00e4ll\u00e4<\/p>\n\n\n\n<h2 class=\"wp-block-heading\">Lauantai<\/h2>\n\n\n\n<div class=\"wp-block-columns is-layout-flex wp-container-core-columns-is-layout-9d6595d7 wp-block-columns-is-layout-flex\">\n<div class=\"wp-block-column is-layout-flow wp-block-column-is-layout-flow\" style=\"flex-basis:100%\">\n<table width=\"345\">\n<tbody>\n<tr>\n<td width=\"268\"><strong>KEH&Auml; 1<\/strong><\/td>\n<td width=\"34\">Lkm<\/td>\n<td width=\"43\">Aika<\/td>\n<\/tr>\n<tr>\n<td><strong>Marjo J&auml;rvent&ouml;l&auml;<\/strong><\/td>\n<td><strong>48<\/strong><\/td>\n<td>&nbsp;<\/td>\n<\/tr>\n<tr>\n<td>berninpaimenkoira<\/td>\n<td>7<\/td>\n<td>09.30<\/td>\n<\/tr>\n<tr>\n<td>entlebuchinpaimenkoira<\/td>\n<td>2<\/td>\n<td>&nbsp;<\/td>\n<\/tr>\n<tr>\n<td>hovawart<\/td>\n<td>3<\/td>\n<td>&nbsp;<\/td>\n<\/tr>\n<tr>\n<td>landseer<\/td>\n<td>3<\/td>\n<td>&nbsp;<\/td>\n<\/tr>\n<tr>\n<td>leonberginkoira<\/td>\n<td>6<\/td>\n<td>&nbsp;<\/td>\n<\/tr>\n<tr>\n<td>newfoundlandinkoira<\/td>\n<td>4<\/td>\n<td>&nbsp;<\/td>\n<\/tr>\n<tr>\n<td>rottweiler<\/td>\n<td>3<\/td>\n<td>11.00<\/td>\n<\/tr>\n<tr>\n<td>tanskandoggi, keltainen ja tiikerijuovainen<\/td>\n<td>4<\/td>\n<td>&nbsp;<\/td>\n<\/tr>\n<tr>\n<td>tanskandoggi, musta ja harlekiini<\/td>\n<td>7<\/td>\n<td>&nbsp;<\/td>\n<\/tr>\n<tr>\n<td>tanskandoggi, sininen<\/td>\n<td>3<\/td>\n<td>&nbsp;<\/td>\n<\/tr>\n<tr>\n<td>snautseri, pippuri &amp; suola<\/td>\n<td>6<\/td>\n<td>&nbsp;<\/td>\n<\/tr>\n<tr>\n<td><strong>Tuula Savolainen<\/strong><\/td>\n<td><strong>32<\/strong><\/td>\n<td>&nbsp;<\/td>\n<\/tr>\n<tr>\n<td>bokseri<\/td>\n<td>1<\/td>\n<td>12.30<\/td>\n<\/tr>\n<tr>\n<td>continental bulldog<\/td>\n<td>1<\/td>\n<td>&nbsp;<\/td>\n<\/tr>\n<tr>\n<td>englanninbulldoggi<\/td>\n<td>3<\/td>\n<td>&nbsp;<\/td>\n<\/tr>\n<tr>\n<td>k&auml;&auml;pi&ouml;pinseri<\/td>\n<td>6<\/td>\n<td>&nbsp;<\/td>\n<\/tr>\n<tr>\n<td>pinseri<\/td>\n<td>2<\/td>\n<td>&nbsp;<\/td>\n<\/tr>\n<tr>\n<td>k&auml;&auml;pi&ouml;snautseri, musta-hopea<\/td>\n<td>2<\/td>\n<td>&nbsp;<\/td>\n<\/tr>\n<tr>\n<td>k&auml;&auml;pi&ouml;snautseri, pippuri &amp; suola<\/td>\n<td>2<\/td>\n<td>13.30<\/td>\n<\/tr>\n<tr>\n<td>bullmastiffi<\/td>\n<td>3<\/td>\n<td>&nbsp;<\/td>\n<\/tr>\n<tr>\n<td>lunnikoira<\/td>\n<td>1<\/td>\n<td>&nbsp;<\/td>\n<\/tr>\n<tr>\n<td>l&auml;nsig&ouml;&ouml;tanmaanpystykorva<\/td>\n<td>2<\/td>\n<td>&nbsp;<\/td>\n<\/tr>\n<tr>\n<td>ibizanpodenco, karkeakarvainen<\/td>\n<td>1<\/td>\n<td>&nbsp;<\/td>\n<\/tr>\n<tr>\n<td>portugalinpodengo, kk, keskikokoinen<\/td>\n<td>1<\/td>\n<td>&nbsp;<\/td>\n<\/tr>\n<tr>\n<td>saksanpystykorva, kleinspitz, musta\/ruskea<\/td>\n<td>2<\/td>\n<td>&nbsp;<\/td>\n<\/tr>\n<tr>\n<td>saksanpystykorva, kleinspitz, muut v&auml;rit<\/td>\n<td>4<\/td>\n<td>&nbsp;<\/td>\n<\/tr>\n<tr>\n<td>saksanpystykorva, kleinspitz, valkoinen<\/td>\n<td>1<\/td>\n<td>&nbsp;<\/td>\n<\/tr>\n<tr>\n<td>&nbsp;<\/td>\n<td>&nbsp;<\/td>\n<td>&nbsp;<\/td>\n<\/tr>\n<tr>\n<td><strong>KEH&Auml; 2<\/strong><\/td>\n<td><strong>&nbsp;<\/strong><\/td>\n<td>&nbsp;<\/td>\n<\/tr>\n<tr>\n<td><strong>Perttu St&aring;hlberg<\/strong><\/td>\n<td><strong>56<\/strong><\/td>\n<td>&nbsp;<\/td>\n<\/tr>\n<tr>\n<td>amerikanakita<\/td>\n<td>2<\/td>\n<td>10.00<\/td>\n<\/tr>\n<tr>\n<td>faaraokoira<\/td>\n<td>1<\/td>\n<td>&nbsp;<\/td>\n<\/tr>\n<tr>\n<td>japaninpystykorva<\/td>\n<td>3<\/td>\n<td>&nbsp;<\/td>\n<\/tr>\n<tr>\n<td>meksikonkarvatonkoira, pieni<\/td>\n<td>1<\/td>\n<td>&nbsp;<\/td>\n<\/tr>\n<tr>\n<td>saksanpystykorva, keeshond<\/td>\n<td>10<\/td>\n<td>&nbsp;<\/td>\n<\/tr>\n<tr>\n<td>Saksanpystykorvien mittaus<\/td>\n<td>&nbsp;<\/td>\n<td>11.00<\/td>\n<\/tr>\n<tr>\n<td>saksanpystykorva, mittelspitz, muut v&auml;rit<\/td>\n<td>4<\/td>\n<td>&nbsp;<\/td>\n<\/tr>\n<tr>\n<td>saksanpystykorva, mittelspitz, valkoinen<\/td>\n<td>1<\/td>\n<td>&nbsp;<\/td>\n<\/tr>\n<tr>\n<td>saksanpystykorva, pomeranian<\/td>\n<td>3<\/td>\n<td>&nbsp;<\/td>\n<\/tr>\n<tr>\n<td>siperianhusky<\/td>\n<td>1<\/td>\n<td>&nbsp;<\/td>\n<\/tr>\n<tr>\n<td>parsonrussellinterrieri<\/td>\n<td>5<\/td>\n<td>11.30<\/td>\n<\/tr>\n<tr>\n<td>norwichinterrieri<\/td>\n<td>5<\/td>\n<td>&nbsp;<\/td>\n<\/tr>\n<tr>\n<td>norfolkinterrieri<\/td>\n<td>3<\/td>\n<td>&nbsp;<\/td>\n<\/tr>\n<tr>\n<td>amerikanstaffordshirenterrieri<\/td>\n<td>11<\/td>\n<td>&nbsp;<\/td>\n<\/tr>\n<tr>\n<td>walesinterrieri<\/td>\n<td>1<\/td>\n<td>&nbsp;<\/td>\n<\/tr>\n<tr>\n<td>valkoinen l&auml;nsiyl&auml;maanterrieri<\/td>\n<td>3<\/td>\n<td>&nbsp;<\/td>\n<\/tr>\n<tr>\n<td>vehn&auml;terrieri<\/td>\n<td>2<\/td>\n<td>&nbsp;<\/td>\n<\/tr>\n<tr>\n<td>&nbsp;<\/td>\n<td>&nbsp;<\/td>\n<td>&nbsp;<\/td>\n<\/tr>\n<tr>\n<td><strong>KEH&Auml; 3<\/strong><\/td>\n<td><strong>&nbsp;<\/strong><\/td>\n<td>&nbsp;<\/td>\n<\/tr>\n<tr>\n<td><strong>Tiina Eskelinen<\/strong><\/td>\n<td><strong>60<\/strong><\/td>\n<td>&nbsp;<\/td>\n<\/tr>\n<tr>\n<td>samojedinkoira<\/td>\n<td>6<\/td>\n<td>10.00<\/td>\n<\/tr>\n<tr>\n<td>M&auml;yr&auml;koirien mittaus<\/td>\n<td>&nbsp;<\/td>\n<td>10.20<\/td>\n<\/tr>\n<tr>\n<td>m&auml;yr&auml;koira, kaniinim&auml;yr&auml;koira kk<\/td>\n<td>2<\/td>\n<td>&nbsp;<\/td>\n<\/tr>\n<tr>\n<td>m&auml;yr&auml;koira, kaniinim&auml;yr&auml;koira pk<\/td>\n<td>3<\/td>\n<td>&nbsp;<\/td>\n<\/tr>\n<tr>\n<td>m&auml;yr&auml;koira, k&auml;&auml;pi&ouml;m&auml;yr&auml;koira kk<\/td>\n<td>1<\/td>\n<td>&nbsp;<\/td>\n<\/tr>\n<tr>\n<td>m&auml;yr&auml;koira, k&auml;&auml;pi&ouml;m&auml;yr&auml;koira lk<\/td>\n<td>4<\/td>\n<td>&nbsp;<\/td>\n<\/tr>\n<tr>\n<td>m&auml;yr&auml;koira, k&auml;&auml;pi&ouml;m&auml;yr&auml;koira pk<\/td>\n<td>8<\/td>\n<td>&nbsp;<\/td>\n<\/tr>\n<tr>\n<td>m&auml;yr&auml;koira, karkeakarvainen<\/td>\n<td>10<\/td>\n<td>&nbsp;<\/td>\n<\/tr>\n<tr>\n<td>m&auml;yr&auml;koira, pitk&auml;karvainen<\/td>\n<td>11<\/td>\n<td>12.00<\/td>\n<\/tr>\n<tr>\n<td>m&auml;yr&auml;koira, lyhytkarvainen<\/td>\n<td>15<\/td>\n<td>&nbsp;<\/td>\n<\/tr>\n<tr>\n<td>&nbsp;<\/td>\n<td>&nbsp;<\/td>\n<td>&nbsp;<\/td>\n<\/tr>\n<tr>\n<td><strong>KEH&Auml; 4<\/strong><\/td>\n<td><strong>&nbsp;<\/strong><\/td>\n<td>&nbsp;<\/td>\n<\/tr>\n<tr>\n<td><strong>Kati Taipale<\/strong><\/td>\n<td><strong>61<\/strong><\/td>\n<td>&nbsp;<\/td>\n<\/tr>\n<tr>\n<td>sile&auml;karvainen kettuterrieri<\/td>\n<td>4<\/td>\n<td>10.00<\/td>\n<\/tr>\n<tr>\n<td>borderterrieri<\/td>\n<td>10<\/td>\n<td>&nbsp;<\/td>\n<\/tr>\n<tr>\n<td>sealyhaminterrieri<\/td>\n<td>1<\/td>\n<td>&nbsp;<\/td>\n<\/tr>\n<tr>\n<td>amerikankarvatonterrieri<\/td>\n<td>1<\/td>\n<td>&nbsp;<\/td>\n<\/tr>\n<tr>\n<td>australianterrieri<\/td>\n<td>2<\/td>\n<td>&nbsp;<\/td>\n<\/tr>\n<tr>\n<td>bedlingtoninterrieri<\/td>\n<td>2<\/td>\n<td>&nbsp;<\/td>\n<\/tr>\n<tr>\n<td>brasilianterrieri<\/td>\n<td>1<\/td>\n<td>&nbsp;<\/td>\n<\/tr>\n<tr>\n<td>cairnterrieri<\/td>\n<td>13<\/td>\n<td>&nbsp;<\/td>\n<\/tr>\n<tr>\n<td>jackrussellinterrieri<\/td>\n<td>14<\/td>\n<td>12.00<\/td>\n<\/tr>\n<tr>\n<td>karkeakarvainen kettuterrieri<\/td>\n<td>1<\/td>\n<td>&nbsp;<\/td>\n<\/tr>\n<tr>\n<td>silkkiterrieri<\/td>\n<td>1<\/td>\n<td>&nbsp;<\/td>\n<\/tr>\n<tr>\n<td>staffordshirenbullterrieri<\/td>\n<td>1<\/td>\n<td>&nbsp;<\/td>\n<\/tr>\n<tr>\n<td>tenterfieldinterrieri<\/td>\n<td>2<\/td>\n<td>&nbsp;<\/td>\n<\/tr>\n<tr>\n<td>glen of imaalinterrieri<\/td>\n<td>2<\/td>\n<td>&nbsp;<\/td>\n<\/tr>\n<tr>\n<td>skotlanninterrieri<\/td>\n<td>6<\/td>\n<td>&nbsp;<\/td>\n<\/tr>\n<tr>\n<td>&nbsp;<\/td>\n<td>&nbsp;<\/td>\n<td>&nbsp;<\/td>\n<\/tr>\n<tr>\n<td><strong>KEH&Auml; 5, ulkona<\/strong><\/td>\n<td><strong>&nbsp;<\/strong><\/td>\n<td>&nbsp;<\/td>\n<\/tr>\n<tr>\n<td><strong>Maarit Hassinen<\/strong><\/td>\n<td><strong>65<\/strong><\/td>\n<td>&nbsp;<\/td>\n<\/tr>\n<tr>\n<td>it&auml;siperianlaika<\/td>\n<td>3<\/td>\n<td>10.00<\/td>\n<\/tr>\n<tr>\n<td>jakutianlaika<\/td>\n<td>1<\/td>\n<td>&nbsp;<\/td>\n<\/tr>\n<tr>\n<td>j&auml;mtlanninpystykorva<\/td>\n<td>28<\/td>\n<td>&nbsp;<\/td>\n<\/tr>\n<tr>\n<td>karjalankarhukoira<\/td>\n<td>8<\/td>\n<td>12.00<\/td>\n<\/tr>\n<tr>\n<td>suomenpystykorva<\/td>\n<td>25<\/td>\n<td>&nbsp;<\/td>\n<\/tr>\n<tr>\n<td>&nbsp;<\/td>\n<td>&nbsp;<\/td>\n<td>&nbsp;<\/td>\n<\/tr>\n<tr>\n<td><strong>KEH&Auml; 6, ulkona<\/strong><\/td>\n<td><strong>&nbsp;<\/strong><\/td>\n<td>&nbsp;<\/td>\n<\/tr>\n<tr>\n<td><strong>Markku Kipin&auml;<\/strong><\/td>\n<td><strong>50<\/strong><\/td>\n<td>&nbsp;<\/td>\n<\/tr>\n<tr>\n<td>alaskanmalamuutti<\/td>\n<td>7<\/td>\n<td>10.00<\/td>\n<\/tr>\n<tr>\n<td>harmaa norjanhirvikoira<\/td>\n<td>16<\/td>\n<td>&nbsp;<\/td>\n<\/tr>\n<tr>\n<td>lapinporokoira<\/td>\n<td>3<\/td>\n<td>11.30<\/td>\n<\/tr>\n<tr>\n<td>pohjanpystykorva<\/td>\n<td>7<\/td>\n<td>&nbsp;<\/td>\n<\/tr>\n<tr>\n<td>suomenlapinkoira<\/td>\n<td>17<\/td>\n<td>&nbsp;<\/td>\n<\/tr>\n<\/tbody>\n<\/table>\n<\/div>\n<\/div>\n\n\n\n<h2 class=\"wp-block-heading\">Sunnuntai<\/h2>\n\n\n\n<table width=\"292\">\n<tbody>\n<tr>\n<td width=\"232\"><strong>KEH&Auml; 1<\/strong><\/td>\n<td width=\"21\"><strong>&nbsp;<\/strong><\/td>\n<td width=\"39\">&nbsp;<\/td>\n<\/tr>\n<tr>\n<td><strong>Kati Taipale<\/strong><\/td>\n<td><strong>81<\/strong><\/td>\n<td>&nbsp;<\/td>\n<\/tr>\n<tr>\n<td>australiankelpie<\/td>\n<td>4<\/td>\n<td>09.00<\/td>\n<\/tr>\n<tr>\n<td>bordercollie<\/td>\n<td>6<\/td>\n<td>&nbsp;<\/td>\n<\/tr>\n<tr>\n<td>ceskoslovensky vlciak<\/td>\n<td>1<\/td>\n<td>&nbsp;<\/td>\n<\/tr>\n<tr>\n<td>hollanninpaimenkoira, pitk&auml;karvainen<\/td>\n<td>7<\/td>\n<td>&nbsp;<\/td>\n<\/tr>\n<tr>\n<td>medimurjenkoira<\/td>\n<td>1<\/td>\n<td>&nbsp;<\/td>\n<\/tr>\n<tr>\n<td>mudi<\/td>\n<td>1<\/td>\n<td>&nbsp;<\/td>\n<\/tr>\n<tr>\n<td>partacollie<\/td>\n<td>1<\/td>\n<td>&nbsp;<\/td>\n<\/tr>\n<tr>\n<td>pitk&auml;karvainen pyreneittenpaimenkoira<\/td>\n<td>3<\/td>\n<td>&nbsp;<\/td>\n<\/tr>\n<tr>\n<td>pumi<\/td>\n<td>2<\/td>\n<td>&nbsp;<\/td>\n<\/tr>\n<tr>\n<td>serra de airesinpaimenkoira<\/td>\n<td>1<\/td>\n<td>&nbsp;<\/td>\n<\/tr>\n<tr>\n<td>schapendoes<\/td>\n<td>1<\/td>\n<td>&nbsp;<\/td>\n<\/tr>\n<tr>\n<td>schipperke<\/td>\n<td>6<\/td>\n<td>&nbsp;<\/td>\n<\/tr>\n<tr>\n<td>valkoinenpaimenkoira<\/td>\n<td>13<\/td>\n<td>11.00<\/td>\n<\/tr>\n<tr>\n<td>welsh corgi cardigan<\/td>\n<td>17<\/td>\n<td>&nbsp;<\/td>\n<\/tr>\n<tr>\n<td>welsh corgi pembroke<\/td>\n<td>13<\/td>\n<td>&nbsp;<\/td>\n<\/tr>\n<tr>\n<td>pieniamerikanpaimenkoira<\/td>\n<td>4<\/td>\n<td>&nbsp;<\/td>\n<\/tr>\n<tr>\n<td>&nbsp;<\/td>\n<td>&nbsp;<\/td>\n<td>&nbsp;<\/td>\n<\/tr>\n<tr>\n<td><strong>KEH&Auml; 2<\/strong><\/td>\n<td><strong>&nbsp;<\/strong><\/td>\n<td>&nbsp;<\/td>\n<\/tr>\n<tr>\n<td><strong>Markku Kipin&auml;<\/strong><\/td>\n<td><strong>83<\/strong><\/td>\n<td>&nbsp;<\/td>\n<\/tr>\n<tr>\n<td>dalmatiankoira<\/td>\n<td>3<\/td>\n<td>09.00<\/td>\n<\/tr>\n<tr>\n<td>rhodesiankoira<\/td>\n<td>2<\/td>\n<td>&nbsp;<\/td>\n<\/tr>\n<tr>\n<td>grand basset griffon vend&eacute;en<\/td>\n<td>1<\/td>\n<td>&nbsp;<\/td>\n<\/tr>\n<tr>\n<td>cockerspanieli<\/td>\n<td>4<\/td>\n<td>&nbsp;<\/td>\n<\/tr>\n<tr>\n<td>chihuahua, lyhytkarvainen<\/td>\n<td>1<\/td>\n<td>&nbsp;<\/td>\n<\/tr>\n<tr>\n<td>chihuahua, pitk&auml;karvainen<\/td>\n<td>8<\/td>\n<td>&nbsp;<\/td>\n<\/tr>\n<tr>\n<td><em>Villakoirien mittaus<\/em><\/td>\n<td><em>&nbsp;<\/em><\/td>\n<td><em>10.10<\/em><\/td>\n<\/tr>\n<tr>\n<td>villakoira, iso, ha\/ap\/pu<\/td>\n<td>2<\/td>\n<td>&nbsp;<\/td>\n<\/tr>\n<tr>\n<td>villakoira, iso, mu\/ru\/va<\/td>\n<td>1<\/td>\n<td>&nbsp;<\/td>\n<\/tr>\n<tr>\n<td>villakoira, keskikokoinen, moniv&auml;rinen<\/td>\n<td>1<\/td>\n<td>&nbsp;<\/td>\n<\/tr>\n<tr>\n<td>villakoira, keskikokoinen, mu\/ru\/va<\/td>\n<td>6<\/td>\n<td>&nbsp;<\/td>\n<\/tr>\n<tr>\n<td>villakoira, k&auml;&auml;pi&ouml;, ha\/ap\/pu<\/td>\n<td>4<\/td>\n<td>&nbsp;<\/td>\n<\/tr>\n<tr>\n<td>villakoira, k&auml;&auml;pi&ouml;, mu\/ru\/va<\/td>\n<td>7<\/td>\n<td>11.00<\/td>\n<\/tr>\n<tr>\n<td>villakoira, toy, mu\/ru\/va<\/td>\n<td>2<\/td>\n<td>&nbsp;<\/td>\n<\/tr>\n<tr>\n<td>sile&auml;karvainen collie<\/td>\n<td>9<\/td>\n<td>&nbsp;<\/td>\n<\/tr>\n<tr>\n<td>pitk&auml;karvainen collie<\/td>\n<td>16<\/td>\n<td>&nbsp;<\/td>\n<\/tr>\n<tr>\n<td>#australianpaimenkoira<\/td>\n<td>16<\/td>\n<td>&nbsp;<\/td>\n<\/tr>\n<tr>\n<td>&nbsp;<\/td>\n<td>&nbsp;<\/td>\n<td>&nbsp;<\/td>\n<\/tr>\n<tr>\n<td><strong>KEH&Auml; 3<\/strong><\/td>\n<td><strong>&nbsp;<\/strong><\/td>\n<td>&nbsp;<\/td>\n<\/tr>\n<tr>\n<td><strong>Maarit Hassinen<\/strong><\/td>\n<td><strong>47<\/strong><\/td>\n<td>&nbsp;<\/td>\n<\/tr>\n<tr>\n<td>cavalier kingcharlesinspanieli<\/td>\n<td>4<\/td>\n<td>09.30<\/td>\n<\/tr>\n<tr>\n<td>griffon bruxellois<\/td>\n<td>2<\/td>\n<td>&nbsp;<\/td>\n<\/tr>\n<tr>\n<td>japanese chin<\/td>\n<td>5<\/td>\n<td>&nbsp;<\/td>\n<\/tr>\n<tr>\n<td>markiesje<\/td>\n<td>1<\/td>\n<td>&nbsp;<\/td>\n<\/tr>\n<tr>\n<td>tiibetinspanieli<\/td>\n<td>13<\/td>\n<td>&nbsp;<\/td>\n<\/tr>\n<tr>\n<td>havannankoira<\/td>\n<td>9<\/td>\n<td>11.00<\/td>\n<\/tr>\n<tr>\n<td>lhasa apso<\/td>\n<td>2<\/td>\n<td>&nbsp;<\/td>\n<\/tr>\n<tr>\n<td>maltankoira<\/td>\n<td>6<\/td>\n<td>&nbsp;<\/td>\n<\/tr>\n<tr>\n<td>kiinanpalatsikoira, pekingeesi<\/td>\n<td>3<\/td>\n<td>&nbsp;<\/td>\n<\/tr>\n<tr>\n<td>bichon fris&eacute;<\/td>\n<td>1<\/td>\n<td>&nbsp;<\/td>\n<\/tr>\n<tr>\n<td>shih tzu<\/td>\n<td>1<\/td>\n<td>&nbsp;<\/td>\n<\/tr>\n<tr>\n<td>&nbsp;<\/td>\n<td>&nbsp;<\/td>\n<td>&nbsp;<\/td>\n<\/tr>\n<tr>\n<td><strong>KEH&Auml; 4<\/strong><\/td>\n<td><strong>&nbsp;<\/strong><\/td>\n<td>&nbsp;<\/td>\n<\/tr>\n<tr>\n<td><strong>Tuula Savolainen<\/strong><\/td>\n<td><strong>58<\/strong><\/td>\n<td>&nbsp;<\/td>\n<\/tr>\n<tr>\n<td>bolognese<\/td>\n<td>2<\/td>\n<td>09.00<\/td>\n<\/tr>\n<tr>\n<td>bostoninterrieri<\/td>\n<td>1<\/td>\n<td>&nbsp;<\/td>\n<\/tr>\n<tr>\n<td>kiinanharjakoira<\/td>\n<td>12<\/td>\n<td>&nbsp;<\/td>\n<\/tr>\n<tr>\n<td>l&ouml;wchen<\/td>\n<td>1<\/td>\n<td>&nbsp;<\/td>\n<\/tr>\n<tr>\n<td>tiibetinterrieri<\/td>\n<td>2<\/td>\n<td>&nbsp;<\/td>\n<\/tr>\n<tr>\n<td>papillon<\/td>\n<td>2<\/td>\n<td>&nbsp;<\/td>\n<\/tr>\n<tr>\n<td>prahanrottakoira<\/td>\n<td>2<\/td>\n<td>&nbsp;<\/td>\n<\/tr>\n<tr>\n<td>ranskanbulldoggi<\/td>\n<td>6<\/td>\n<td>10.20<\/td>\n<\/tr>\n<tr>\n<td>coton de tul&eacute;ar<\/td>\n<td>7<\/td>\n<td>&nbsp;<\/td>\n<\/tr>\n<tr>\n<td>shetlanninlammaskoira<\/td>\n<td>23<\/td>\n<td>&nbsp;<\/td>\n<\/tr>\n<tr>\n<td>&nbsp;<\/td>\n<td>&nbsp;<\/td>\n<td>&nbsp;<\/td>\n<\/tr>\n<tr>\n<td><strong>KEH&Auml; 5, S&auml;&auml;n salliessa ulkona<\/strong><\/td>\n<td><strong>&nbsp;<\/strong><\/td>\n<td>&nbsp;<\/td>\n<\/tr>\n<tr>\n<td><strong>Tiina Eskelinen<\/strong><\/td>\n<td><strong>75<\/strong><\/td>\n<td>&nbsp;<\/td>\n<\/tr>\n<tr>\n<td>sile&auml;karvainen noutaja<\/td>\n<td>18<\/td>\n<td>09.00<\/td>\n<\/tr>\n<tr>\n<td>englanninspringerspanieli<\/td>\n<td>11<\/td>\n<td>&nbsp;<\/td>\n<\/tr>\n<tr>\n<td>amerikankettukoira<\/td>\n<td>1<\/td>\n<td>&nbsp;<\/td>\n<\/tr>\n<tr>\n<td>beagle<\/td>\n<td>3<\/td>\n<td>&nbsp;<\/td>\n<\/tr>\n<tr>\n<td>lyhytkarvainen italianajokoira<\/td>\n<td>2<\/td>\n<td>&nbsp;<\/td>\n<\/tr>\n<tr>\n<td>plottinajokoira<\/td>\n<td>1<\/td>\n<td>11.00<\/td>\n<\/tr>\n<tr>\n<td>smoolanninajokoira<\/td>\n<td>1<\/td>\n<td>&nbsp;<\/td>\n<\/tr>\n<tr>\n<td>suomenajokoira<\/td>\n<td>18<\/td>\n<td>&nbsp;<\/td>\n<\/tr>\n<tr>\n<td>ven&auml;j&auml;najokoira<\/td>\n<td>6<\/td>\n<td>&nbsp;<\/td>\n<\/tr>\n<tr>\n<td>dreeveri<\/td>\n<td>14<\/td>\n<td>&nbsp;<\/td>\n<\/tr>\n<tr>\n<td>&nbsp;<\/td>\n<td>&nbsp;<\/td>\n<td>&nbsp;<\/td>\n<\/tr>\n<tr>\n<td><strong>KEH&Auml; 6, S&auml;&auml;n salliessa ulkona<\/strong><\/td>\n<td><strong>&nbsp;<\/strong><\/td>\n<td>&nbsp;<\/td>\n<\/tr>\n<tr>\n<td><strong>Marjo J&auml;rvent&ouml;l&auml;<\/strong><\/td>\n<td><strong>48<\/strong><\/td>\n<td>&nbsp;<\/td>\n<\/tr>\n<tr>\n<td>kultainennoutaja<\/td>\n<td>25<\/td>\n<td>09.30<\/td>\n<\/tr>\n<tr>\n<td>labradorinnoutaja<\/td>\n<td>20<\/td>\n<td>11.00<\/td>\n<\/tr>\n<tr>\n<td>sussexinspanieli<\/td>\n<td>1<\/td>\n<td>&nbsp;<\/td>\n<\/tr>\n<tr>\n<td>viiri&auml;iskoira<\/td>\n<td>1<\/td>\n<td>&nbsp;<\/td>\n<\/tr>\n<tr>\n<td>clumberinspanieli<\/td>\n<td>1<\/td>\n<td>&nbsp;<\/td>\n<\/tr>\n<tr>\n<td>&nbsp;<\/td>\n<td>&nbsp;<\/td>\n<td>&nbsp;<\/td>\n<\/tr>\n<tr>\n<td><strong>KEH&Auml; 7, S&auml;&auml;n salliessa ulkona<\/strong><\/td>\n<td><strong>&nbsp;<\/strong><\/td>\n<td>&nbsp;<\/td>\n<\/tr>\n<tr>\n<td><strong>Perttu St&aring;hlberg<\/strong><\/td>\n<td><strong>65<\/strong><\/td>\n<td>&nbsp;<\/td>\n<\/tr>\n<tr>\n<td>barbet<\/td>\n<td>4<\/td>\n<td>09.00<\/td>\n<\/tr>\n<tr>\n<td>espanjanvesikoira<\/td>\n<td>11<\/td>\n<td>&nbsp;<\/td>\n<\/tr>\n<tr>\n<td>fieldspanieli<\/td>\n<td>1<\/td>\n<td>&nbsp;<\/td>\n<\/tr>\n<tr>\n<td>kiharakarvainen noutaja<\/td>\n<td>3<\/td>\n<td>&nbsp;<\/td>\n<\/tr>\n<tr>\n<td>kooikerhondje<\/td>\n<td>1<\/td>\n<td>&nbsp;<\/td>\n<\/tr>\n<tr>\n<td>portugalinvesikoira<\/td>\n<td>1<\/td>\n<td>&nbsp;<\/td>\n<\/tr>\n<tr>\n<td>walesinspringerspanieli<\/td>\n<td>1<\/td>\n<td>&nbsp;<\/td>\n<\/tr>\n<tr>\n<td>australiankarjakoira<\/td>\n<td>1<\/td>\n<td>&nbsp;<\/td>\n<\/tr>\n<tr>\n<td>saksanpaimenkoira<\/td>\n<td>7<\/td>\n<td>10.30<\/td>\n<\/tr>\n<tr>\n<td>saksanpaimenkoira, pitk&auml;karvainen<\/td>\n<td>3<\/td>\n<td>&nbsp;<\/td>\n<\/tr>\n<tr>\n<td>belgianpaimenkoira, malinois<\/td>\n<td>2<\/td>\n<td>&nbsp;<\/td>\n<\/tr>\n<tr>\n<td>belgianpaimenkoira, tervueren<\/td>\n<td>8<\/td>\n<td>&nbsp;<\/td>\n<\/tr>\n<tr>\n<td>belgianpaimenkoira, groenendael<\/td>\n<td>4<\/td>\n<td>&nbsp;<\/td>\n<\/tr>\n<tr>\n<td>lagotto romagnolo<\/td>\n<td>9<\/td>\n<td>&nbsp;<\/td>\n<\/tr>\n<tr>\n<td>novascotiannoutaja<\/td>\n<td>6<\/td>\n<td>&nbsp;<\/td>\n<\/tr>\n<tr>\n<td>amerikancockerspanieli<\/td>\n<td>3<\/td>\n<td>&nbsp;<\/td>\n<\/tr>\n<\/tbody>\n<\/table>\n\n\n\n<div class=\"wp-block-columns is-layout-flex wp-container-core-columns-is-layout-9d6595d7 wp-block-columns-is-layout-flex\">\n<div class=\"wp-block-column is-layout-flow wp-block-column-is-layout-flow\" style=\"flex-basis:100%\"><\/div>\n<\/div>\n","protected":false},"excerpt":{"rendered":"<p>Sunnuntai keh\u00e4 7 sis\u00e4ll\u00e4 Lauantai KEH&Auml; 1 Lkm Aika Marjo J&auml;rvent&ouml;l&auml; 48 &nbsp; berninpaimenkoira 7 09.30 entlebuchinpaimenkoira 2 &nbsp; hovawart 3 &nbsp; landseer 3 &nbsp; leonberginkoira 6 &nbsp; newfoundlandinkoira 4 &nbsp; rottweiler 3 11.00 tanskandoggi, keltainen ja tiikerijuovainen 4 &nbsp; tanskandoggi, musta ja harlekiini 7 &nbsp; tanskandoggi, sininen 3 &nbsp; snautseri, pippuri &amp; suola 6&#8230;<\/p>\n","protected":false},"author":1,"featured_media":0,"parent":0,"menu_order":0,"comment_status":"closed","ping_status":"closed","template":"","meta":{"footnotes":""},"class_list":["post-39","page","type-page","status-publish","hentry"],"jetpack_sharing_enabled":true,"_links":{"self":[{"href":"https:\/\/www.polvijarvenkoiranayttely.fi\/index.php\/wp-json\/wp\/v2\/pages\/39","targetHints":{"allow":["GET"]}}],"collection":[{"href":"https:\/\/www.polvijarvenkoiranayttely.fi\/index.php\/wp-json\/wp\/v2\/pages"}],"about":[{"href":"https:\/\/www.polvijarvenkoiranayttely.fi\/index.php\/wp-json\/wp\/v2\/types\/page"}],"author":[{"embeddable":true,"href":"https:\/\/www.polvijarvenkoiranayttely.fi\/index.php\/wp-json\/wp\/v2\/users\/1"}],"replies":[{"embeddable":true,"href":"https:\/\/www.polvijarvenkoiranayttely.fi\/index.php\/wp-json\/wp\/v2\/comments?post=39"}],"version-history":[{"count":23,"href":"https:\/\/www.polvijarvenkoiranayttely.fi\/index.php\/wp-json\/wp\/v2\/pages\/39\/revisions"}],"predecessor-version":[{"id":205,"href":"https:\/\/www.polvijarvenkoiranayttely.fi\/index.php\/wp-json\/wp\/v2\/pages\/39\/revisions\/205"}],"wp:attachment":[{"href":"https:\/\/www.polvijarvenkoiranayttely.fi\/index.php\/wp-json\/wp\/v2\/media?parent=39"}],"curies":[{"name":"wp","href":"https:\/\/api.w.org\/{rel}","templated":true}]}}