{"id":9,"date":"2022-01-28T18:49:46","date_gmt":"2022-01-28T18:49:46","guid":{"rendered":"https:\/\/www.polvijarvenkoiranayttely.fi\/?page_id=9"},"modified":"2026-04-25T16:11:59","modified_gmt":"2026-04-25T14:11:59","slug":"etusivu","status":"publish","type":"page","link":"https:\/\/www.polvijarvenkoiranayttely.fi\/","title":{"rendered":"Tervetuloa Ryhm\u00e4n\u00e4yttelyyn 25.4. &amp; 26.4.2026"},"content":{"rendered":"\n<p><a href=\"https:\/\/www.polvijarvenkoiranayttely.fi\/index.php\/aikataulut\/\" data-type=\"page\" data-id=\"39\">Aikataulut julkaistu<\/a><\/p>\n\n\n\n<p>Lauantain tulokset:  <a href=\"https:\/\/tulospalvelu.kennelliitto.fi\/nayttelyt\/Tulokset?Id=14027\">https:\/\/tulospalvelu.kennelliitto.fi\/nayttelyt\/Tulokset?Id=14027<\/a><br>Sunnuntain tulokset: <a href=\"https:\/\/tulospalvelu.kennelliitto.fi\/nayttelyt\/Tulokset?Id=14028\">https:\/\/tulospalvelu.kennelliitto.fi\/nayttelyt\/Tulokset?Id=14028<\/a><\/p>\n\n\n\n<p>Lauantaina arvostellaan ryhm\u00e4t <strong>FCI 2 &amp; 3 &amp; 4 &amp; 5<\/strong><br>Sunnuntaina arvostellaan ryhm\u00e4t <strong>FCI 1 &amp; 6 &amp; 8 &amp; 9<\/strong><\/p>\n\n\n\n<p>N\u00e4yttelyss\u00e4 arvostellaan my\u00f6s pennut (7 &#8211; alle 9kk)<br>Arvostelu alkaa klo 9.00<\/p>\n\n\n\n<p>Aikataulut julkaistan noin viikkoa ennen n\u00e4yttely\u00e4<\/p>\n\n\n\n<p>P\u00e4\u00e4symaksu 5 \u20ac Parkkimaksu 2 \u20ac Alle 12v ilmaiseksi<\/p>\n\n\n\n<p>N\u00e4yttelypaikkana toimii Polvij\u00e4rven vapaa-aikatalo ja j\u00e4\u00e4halli sek\u00e4 niiden ymp\u00e4rist\u00f6 osoitteessa <br>R\u00e4\u00e4t\u00e4lintie 6, 83700 Polvij\u00e4rvi<\/p>\n\n\n\n<p><strong>Kaikki tiedustelut <\/strong><br>polvijarvenkoiranayttely@gmail.com <br>040-2546423 (puhelut klo. 16-21)<\/p>\n\n\n\n<p><strong>Kehikset<\/strong><br>ahosola@gmail.com<\/p>\n\n\n\n<p><strong>J\u00e4rjest\u00e4j\u00e4t<\/strong><br>Polvij\u00e4rven Kennelseura<br>Er\u00e4-Eemelit<br>Er\u00e4-Tapio<br>Huhmarisen Er\u00e4<br>Kinahmon Er\u00e4miehet<br>Polvij\u00e4rven Er\u00e4miehet<br>Rauanlahden Er\u00e4veikot<br>Saarivaaran Er\u00e4miehet&nbsp;<br>Hukka-Lehdon Er\u00e4<\/p>\n\n\n\n<p><\/p>\n","protected":false},"excerpt":{"rendered":"<p>Aikataulut julkaistu Lauantain tulokset: https:\/\/tulospalvelu.kennelliitto.fi\/nayttelyt\/Tulokset?Id=14027Sunnuntain tulokset: https:\/\/tulospalvelu.kennelliitto.fi\/nayttelyt\/Tulokset?Id=14028 Lauantaina arvostellaan ryhm\u00e4t FCI 2 &amp; 3 &amp; 4 &amp; 5Sunnuntaina arvostellaan ryhm\u00e4t FCI 1 &amp; 6 &amp; 8 &amp; 9 N\u00e4yttelyss\u00e4 arvostellaan my\u00f6s pennut (7 &#8211; alle 9kk)Arvostelu alkaa klo 9.00 Aikataulut julkaistan noin viikkoa ennen n\u00e4yttely\u00e4 P\u00e4\u00e4symaksu 5 \u20ac Parkkimaksu 2 \u20ac Alle 12v ilmaiseksi N\u00e4yttelypaikkana&#8230;<\/p>\n","protected":false},"author":1,"featured_media":0,"parent":0,"menu_order":0,"comment_status":"closed","ping_status":"closed","template":"","meta":{"footnotes":""},"class_list":["post-9","page","type-page","status-publish","hentry"],"jetpack_sharing_enabled":true,"_links":{"self":[{"href":"https:\/\/www.polvijarvenkoiranayttely.fi\/index.php\/wp-json\/wp\/v2\/pages\/9","targetHints":{"allow":["GET"]}}],"collection":[{"href":"https:\/\/www.polvijarvenkoiranayttely.fi\/index.php\/wp-json\/wp\/v2\/pages"}],"about":[{"href":"https:\/\/www.polvijarvenkoiranayttely.fi\/index.php\/wp-json\/wp\/v2\/types\/page"}],"author":[{"embeddable":true,"href":"https:\/\/www.polvijarvenkoiranayttely.fi\/index.php\/wp-json\/wp\/v2\/users\/1"}],"replies":[{"embeddable":true,"href":"https:\/\/www.polvijarvenkoiranayttely.fi\/index.php\/wp-json\/wp\/v2\/comments?post=9"}],"version-history":[{"count":16,"href":"https:\/\/www.polvijarvenkoiranayttely.fi\/index.php\/wp-json\/wp\/v2\/pages\/9\/revisions"}],"predecessor-version":[{"id":207,"href":"https:\/\/www.polvijarvenkoiranayttely.fi\/index.php\/wp-json\/wp\/v2\/pages\/9\/revisions\/207"}],"wp:attachment":[{"href":"https:\/\/www.polvijarvenkoiranayttely.fi\/index.php\/wp-json\/wp\/v2\/media?parent=9"}],"curies":[{"name":"wp","href":"https:\/\/api.w.org\/{rel}","templated":true}]}}